{"id":1778,"date":"2014-01-15T14:57:23","date_gmt":"2014-01-15T13:57:23","guid":{"rendered":"https:\/\/www.snow-coach.ch\/kurse-angebote\/agb\/"},"modified":"2025-02-10T20:36:23","modified_gmt":"2025-02-10T19:36:23","slug":"termini-e-condizioni-e-concetto-di-protezione","status":"publish","type":"page","link":"https:\/\/www.snow-coach.ch\/it\/corsi-offerte-istruttori-privati-di-sci\/termini-e-condizioni-e-concetto-di-protezione\/","title":{"rendered":"AGB&#8217;s"},"content":{"rendered":"<p>\n\n<style type=\"text\/css\" data-created_by=\"avia_inline_auto\" id=\"style-css-av-1gxjh-2750d1a0adb3a3b32558b2372a5cb28d\">\n.flex_column.av-1gxjh-2750d1a0adb3a3b32558b2372a5cb28d{\nborder-radius:0px 0px 0px 0px;\npadding:0px 0px 0px 0px;\n}\n<\/style>\n<div  class='flex_column av-1gxjh-2750d1a0adb3a3b32558b2372a5cb28d av_one_full  avia-builder-el-0  avia-builder-el-no-sibling  first flex_column_div av-zero-column-padding  '     ><section  class='av_textblock_section av-b4bpp-e2569caa5c4c6a9548121e674ad09f76 '   itemscope=\"itemscope\" itemtype=\"https:\/\/schema.org\/CreativeWork\" ><div class='avia_textblock'  itemprop=\"text\" ><h2>Termini e condizioni (GTC)<\/h2>\n<p><strong>snow-coach.ch, Ralf &amp; Isabel Hartmann<\/strong><\/p>\n<p>Se non espressamente concordato diversamente, i termini e le condizioni si applicano a tutte le transazioni tra snow-coach.ch e il cliente. Oggetto dell&#8217;azienda \u00e8 la gestione di una scuola privata di sport sulla neve. Ci\u00f2 include, in particolare, servizi come capacit\u00e0 di insegnamento e conoscenza degli sport sulla neve, senza alcuna garanzia di successo nell&#8217;allenamento, nonch\u00e9 guida e accompagnamento di sport sulla neve.<\/p>\n<p><strong>CLASSI<\/strong><\/p>\n<p>Le lezioni si svolgono generalmente in tutte le condizioni meteorologiche, tranne quando i sistemi di trasporto sono chiusi a causa del maltempo. Restrizioni legate alle condizioni meteorologiche, partenza anticipata, maltempo, rischio valanghe, ecc. Non danno diritto ad alcun rimborso o alcun tipo di risarcimento. Restrizioni legate alle condizioni meteorologiche, partenza anticipata, maltempo, rischio valanghe, ecc. Non danno diritto ad alcun rimborso o alcun tipo di risarcimento. Questo avviene solo sotto forma di crediti; non verr\u00e0 effettuato alcun rimborso.<\/p>\n<p><strong>ASSICURAZIONE INFORTUNI<\/strong><\/p>\n<p>Snow-coach.ch, Ralf &amp; Isabel Hartmann, declina ogni responsabilit\u00e0 per incidenti che si verificano prima, durante o dopo le lezioni. L&#8217;assicurazione contro gli infortuni e la responsabilit\u00e0 \u00e8 a carico dei partecipanti.<\/p>\n<p><strong>PAGAMENTO<\/strong><\/p>\n<p>Il pagamento del costo del corso avviene anticipatamente tramite bonifico bancario.<\/p>\n<p><strong>CANCELLAZIONE \/ REPRENOTAZIONE<\/strong><\/p>\n<p>Se l&#8217;accordo viene annullato o modificato meno di 20 giorni prima dell&#8217;inizio della lezione, verranno addebitati i seguenti costi (pi\u00f9 costi di annullamento\/modifica di prenotazione di CHF 50.00):<\/p>\n<p>19-15 giorni prima dell&#8217;inizio del viaggio 30% dell&#8217;intera sistemazione<\/p>\n<p>19-15 giorni prima dell&#8217;inizio del viaggio 30% dell&#8217;intera sistemazione<\/p>\n<p>9 \u2013 2 giorni prima dell&#8217;inizio del viaggio 80% dell&#8217;intero sistemazione<\/p>\n<p>meno di 2 giorni o mancata presentazione 100% dell&#8217;intera sistemazione<\/p>\n<p>Tassa per nuova prenotazione o annullamento CHF 50.00 per prenotazione<\/p>\n<p>Consigliamo di stipulare un&#8217;assicurazione viaggio\/annullamento. <\/p>\n<p>Eventuali rimborsi verranno effettuati esclusivamente sotto forma di crediti; non verr\u00e0 effettuato alcun rimborso.<\/p>\n<p>Se il cliente arriva in ritardo all&#8217;appuntamento concordato, la lezione verr\u00e0 tenuta fino al termine della lezione concordato o al termine dell&#8217;orario di lezione.<\/p>\n<p>I clienti devono attenersi scrupolosamente alle regole di sicurezza della FIS e alle istruzioni dell&#8217;allenatore della neve. Partecipando alle offerte di snow-coach.ch, ogni ospite dichiara di accettare queste disposizioni.<\/p>\n<p><strong>Partecipando alle offerte di snow-coach.ch, ogni ospite dichiara di accettare queste disposizioni.<\/strong><\/p>\n<p>\u00c8 applicabile solo la legge svizzera. Il foro competente \u00e8 Coira. Soggetto a modifiche tariffarie e errori di stampa.<\/p>\n<p>Trin, 10.01.2014<\/p>\n<\/div><\/section><\/div>\n<\/p>\n","protected":false},"excerpt":{"rendered":"","protected":false},"author":4,"featured_media":0,"parent":1777,"menu_order":0,"comment_status":"closed","ping_status":"closed","template":"","meta":{"footnotes":""},"class_list":["post-1778","page","type-page","status-publish","hentry"],"yoast_head":"<!-- This site is optimized with the Yoast SEO plugin v27.4 - https:\/\/yoast.com\/product\/yoast-seo-wordpress\/ -->\n<title>Escursione con le ciaspole a Flims<\/title>\n<meta name=\"description\" content=\"Escursione con le ciaspole a Flims con SNOW-COACH.CH Scopri magiche foreste innevate e pendii montani. Escursioni individuali con le ciaspole a Flims Laax Falera\" \/>\n<meta name=\"robots\" content=\"index, follow, max-snippet:-1, max-image-preview:large, max-video-preview:-1\" \/>\n<link rel=\"canonical\" href=\"https:\/\/www.snow-coach.ch\/it\/corsi-offerte-istruttori-privati-di-sci\/termini-e-condizioni-e-concetto-di-protezione\/\" \/>\n<meta property=\"og:locale\" content=\"it_IT\" \/>\n<meta property=\"og:type\" content=\"article\" \/>\n<meta property=\"og:title\" content=\"Escursione con le ciaspole a Flims\" \/>\n<meta property=\"og:description\" content=\"Escursione con le ciaspole a Flims con SNOW-COACH.CH Scopri magiche foreste innevate e pendii montani. Escursioni individuali con le ciaspole a Flims Laax Falera\" \/>\n<meta property=\"og:url\" content=\"https:\/\/www.snow-coach.ch\/it\/corsi-offerte-istruttori-privati-di-sci\/termini-e-condizioni-e-concetto-di-protezione\/\" \/>\n<meta property=\"og:site_name\" content=\"Snow Coach\" \/>\n<meta property=\"article:publisher\" content=\"https:\/\/www.facebook.com\/privatskilehrer\" \/>\n<meta property=\"article:modified_time\" content=\"2025-02-10T19:36:23+00:00\" \/>\n<meta name=\"twitter:card\" content=\"summary_large_image\" \/>\n<script type=\"application\/ld+json\" class=\"yoast-schema-graph\">{\"@context\":\"https:\\\/\\\/schema.org\",\"@graph\":[{\"@type\":\"WebPage\",\"@id\":\"https:\\\/\\\/www.snow-coach.ch\\\/it\\\/corsi-offerte-istruttori-privati-di-sci\\\/termini-e-condizioni-e-concetto-di-protezione\\\/\",\"url\":\"https:\\\/\\\/www.snow-coach.ch\\\/it\\\/corsi-offerte-istruttori-privati-di-sci\\\/termini-e-condizioni-e-concetto-di-protezione\\\/\",\"name\":\"Escursione con le ciaspole a Flims\",\"isPartOf\":{\"@id\":\"https:\\\/\\\/www.snow-coach.ch\\\/it\\\/#website\"},\"datePublished\":\"2014-01-15T13:57:23+00:00\",\"dateModified\":\"2025-02-10T19:36:23+00:00\",\"description\":\"Escursione con le ciaspole a Flims con SNOW-COACH.CH Scopri magiche foreste innevate e pendii montani. Escursioni individuali con le ciaspole a Flims Laax Falera\",\"breadcrumb\":{\"@id\":\"https:\\\/\\\/www.snow-coach.ch\\\/it\\\/corsi-offerte-istruttori-privati-di-sci\\\/termini-e-condizioni-e-concetto-di-protezione\\\/#breadcrumb\"},\"inLanguage\":\"it-IT\",\"potentialAction\":[{\"@type\":\"ReadAction\",\"target\":[\"https:\\\/\\\/www.snow-coach.ch\\\/it\\\/corsi-offerte-istruttori-privati-di-sci\\\/termini-e-condizioni-e-concetto-di-protezione\\\/\"]}]},{\"@type\":\"BreadcrumbList\",\"@id\":\"https:\\\/\\\/www.snow-coach.ch\\\/it\\\/corsi-offerte-istruttori-privati-di-sci\\\/termini-e-condizioni-e-concetto-di-protezione\\\/#breadcrumb\",\"itemListElement\":[{\"@type\":\"ListItem\",\"position\":1,\"name\":\"Corsi- offerte &#8211; prezzi\",\"item\":\"https:\\\/\\\/www.snow-coach.ch\\\/it\\\/corsi-offerte-istruttori-privati-di-sci\\\/\"},{\"@type\":\"ListItem\",\"position\":2,\"name\":\"AGB&#8217;s\"}]},{\"@type\":\"WebSite\",\"@id\":\"https:\\\/\\\/www.snow-coach.ch\\\/it\\\/#website\",\"url\":\"https:\\\/\\\/www.snow-coach.ch\\\/it\\\/\",\"name\":\"Snowcoach - Ihr privater Skilehrer, Snowboardlehrer, Langlauflehrer, Telemark-Lehrer in Flims-Laax-Falera\",\"description\":\"Private Skikurse in der Schweiz\",\"publisher\":{\"@id\":\"https:\\\/\\\/www.snow-coach.ch\\\/it\\\/#organization\"},\"potentialAction\":[{\"@type\":\"SearchAction\",\"target\":{\"@type\":\"EntryPoint\",\"urlTemplate\":\"https:\\\/\\\/www.snow-coach.ch\\\/it\\\/?s={search_term_string}\"},\"query-input\":{\"@type\":\"PropertyValueSpecification\",\"valueRequired\":true,\"valueName\":\"search_term_string\"}}],\"inLanguage\":\"it-IT\"},{\"@type\":\"Organization\",\"@id\":\"https:\\\/\\\/www.snow-coach.ch\\\/it\\\/#organization\",\"name\":\"Snowcoach - Ihr privater Skilehrer, Snowboardlehrer, Langlauflehrer, Telemark-Lehrer in Flims-Laax-Falera\",\"url\":\"https:\\\/\\\/www.snow-coach.ch\\\/it\\\/\",\"logo\":{\"@type\":\"ImageObject\",\"inLanguage\":\"it-IT\",\"@id\":\"https:\\\/\\\/www.snow-coach.ch\\\/it\\\/#\\\/schema\\\/logo\\\/image\\\/\",\"url\":\"https:\\\/\\\/www.snow-coach.ch\\\/wp-content\\\/uploads\\\/2017\\\/01\\\/Snowcoach-privater-Ski-Snowboard-Langlauf-Telemark-Lehrer-in-Flims-Laax-Falera-logo.png\",\"contentUrl\":\"https:\\\/\\\/www.snow-coach.ch\\\/wp-content\\\/uploads\\\/2017\\\/01\\\/Snowcoach-privater-Ski-Snowboard-Langlauf-Telemark-Lehrer-in-Flims-Laax-Falera-logo.png\",\"width\":234,\"height\":130,\"caption\":\"Snowcoach - Ihr privater Skilehrer, Snowboardlehrer, Langlauflehrer, Telemark-Lehrer in Flims-Laax-Falera\"},\"image\":{\"@id\":\"https:\\\/\\\/www.snow-coach.ch\\\/it\\\/#\\\/schema\\\/logo\\\/image\\\/\"},\"sameAs\":[\"https:\\\/\\\/www.facebook.com\\\/privatskilehrer\"]}]}<\/script>\n<!-- \/ Yoast SEO plugin. -->","yoast_head_json":{"title":"Escursione con le ciaspole a Flims","description":"Escursione con le ciaspole a Flims con SNOW-COACH.CH Scopri magiche foreste innevate e pendii montani. Escursioni individuali con le ciaspole a Flims Laax Falera","robots":{"index":"index","follow":"follow","max-snippet":"max-snippet:-1","max-image-preview":"max-image-preview:large","max-video-preview":"max-video-preview:-1"},"canonical":"https:\/\/www.snow-coach.ch\/it\/corsi-offerte-istruttori-privati-di-sci\/termini-e-condizioni-e-concetto-di-protezione\/","og_locale":"it_IT","og_type":"article","og_title":"Escursione con le ciaspole a Flims","og_description":"Escursione con le ciaspole a Flims con SNOW-COACH.CH Scopri magiche foreste innevate e pendii montani. Escursioni individuali con le ciaspole a Flims Laax Falera","og_url":"https:\/\/www.snow-coach.ch\/it\/corsi-offerte-istruttori-privati-di-sci\/termini-e-condizioni-e-concetto-di-protezione\/","og_site_name":"Snow Coach","article_publisher":"https:\/\/www.facebook.com\/privatskilehrer","article_modified_time":"2025-02-10T19:36:23+00:00","twitter_card":"summary_large_image","schema":{"@context":"https:\/\/schema.org","@graph":[{"@type":"WebPage","@id":"https:\/\/www.snow-coach.ch\/it\/corsi-offerte-istruttori-privati-di-sci\/termini-e-condizioni-e-concetto-di-protezione\/","url":"https:\/\/www.snow-coach.ch\/it\/corsi-offerte-istruttori-privati-di-sci\/termini-e-condizioni-e-concetto-di-protezione\/","name":"Escursione con le ciaspole a Flims","isPartOf":{"@id":"https:\/\/www.snow-coach.ch\/it\/#website"},"datePublished":"2014-01-15T13:57:23+00:00","dateModified":"2025-02-10T19:36:23+00:00","description":"Escursione con le ciaspole a Flims con SNOW-COACH.CH Scopri magiche foreste innevate e pendii montani. Escursioni individuali con le ciaspole a Flims Laax Falera","breadcrumb":{"@id":"https:\/\/www.snow-coach.ch\/it\/corsi-offerte-istruttori-privati-di-sci\/termini-e-condizioni-e-concetto-di-protezione\/#breadcrumb"},"inLanguage":"it-IT","potentialAction":[{"@type":"ReadAction","target":["https:\/\/www.snow-coach.ch\/it\/corsi-offerte-istruttori-privati-di-sci\/termini-e-condizioni-e-concetto-di-protezione\/"]}]},{"@type":"BreadcrumbList","@id":"https:\/\/www.snow-coach.ch\/it\/corsi-offerte-istruttori-privati-di-sci\/termini-e-condizioni-e-concetto-di-protezione\/#breadcrumb","itemListElement":[{"@type":"ListItem","position":1,"name":"Corsi- offerte &#8211; prezzi","item":"https:\/\/www.snow-coach.ch\/it\/corsi-offerte-istruttori-privati-di-sci\/"},{"@type":"ListItem","position":2,"name":"AGB&#8217;s"}]},{"@type":"WebSite","@id":"https:\/\/www.snow-coach.ch\/it\/#website","url":"https:\/\/www.snow-coach.ch\/it\/","name":"Snowcoach - Ihr privater Skilehrer, Snowboardlehrer, Langlauflehrer, Telemark-Lehrer in Flims-Laax-Falera","description":"Private Skikurse in der Schweiz","publisher":{"@id":"https:\/\/www.snow-coach.ch\/it\/#organization"},"potentialAction":[{"@type":"SearchAction","target":{"@type":"EntryPoint","urlTemplate":"https:\/\/www.snow-coach.ch\/it\/?s={search_term_string}"},"query-input":{"@type":"PropertyValueSpecification","valueRequired":true,"valueName":"search_term_string"}}],"inLanguage":"it-IT"},{"@type":"Organization","@id":"https:\/\/www.snow-coach.ch\/it\/#organization","name":"Snowcoach - Ihr privater Skilehrer, Snowboardlehrer, Langlauflehrer, Telemark-Lehrer in Flims-Laax-Falera","url":"https:\/\/www.snow-coach.ch\/it\/","logo":{"@type":"ImageObject","inLanguage":"it-IT","@id":"https:\/\/www.snow-coach.ch\/it\/#\/schema\/logo\/image\/","url":"https:\/\/www.snow-coach.ch\/wp-content\/uploads\/2017\/01\/Snowcoach-privater-Ski-Snowboard-Langlauf-Telemark-Lehrer-in-Flims-Laax-Falera-logo.png","contentUrl":"https:\/\/www.snow-coach.ch\/wp-content\/uploads\/2017\/01\/Snowcoach-privater-Ski-Snowboard-Langlauf-Telemark-Lehrer-in-Flims-Laax-Falera-logo.png","width":234,"height":130,"caption":"Snowcoach - Ihr privater Skilehrer, Snowboardlehrer, Langlauflehrer, Telemark-Lehrer in Flims-Laax-Falera"},"image":{"@id":"https:\/\/www.snow-coach.ch\/it\/#\/schema\/logo\/image\/"},"sameAs":["https:\/\/www.facebook.com\/privatskilehrer"]}]}},"_links":{"self":[{"href":"https:\/\/www.snow-coach.ch\/it\/wp-json\/wp\/v2\/pages\/1778","targetHints":{"allow":["GET"]}}],"collection":[{"href":"https:\/\/www.snow-coach.ch\/it\/wp-json\/wp\/v2\/pages"}],"about":[{"href":"https:\/\/www.snow-coach.ch\/it\/wp-json\/wp\/v2\/types\/page"}],"author":[{"embeddable":true,"href":"https:\/\/www.snow-coach.ch\/it\/wp-json\/wp\/v2\/users\/4"}],"replies":[{"embeddable":true,"href":"https:\/\/www.snow-coach.ch\/it\/wp-json\/wp\/v2\/comments?post=1778"}],"version-history":[{"count":5,"href":"https:\/\/www.snow-coach.ch\/it\/wp-json\/wp\/v2\/pages\/1778\/revisions"}],"predecessor-version":[{"id":10192,"href":"https:\/\/www.snow-coach.ch\/it\/wp-json\/wp\/v2\/pages\/1778\/revisions\/10192"}],"up":[{"embeddable":true,"href":"https:\/\/www.snow-coach.ch\/it\/wp-json\/wp\/v2\/pages\/1777"}],"wp:attachment":[{"href":"https:\/\/www.snow-coach.ch\/it\/wp-json\/wp\/v2\/media?parent=1778"}],"curies":[{"name":"wp","href":"https:\/\/api.w.org\/{rel}","templated":true}]}}