{"id":1782,"date":"2014-01-17T12:22:49","date_gmt":"2014-01-17T11:22:49","guid":{"rendered":"https:\/\/www.snow-coach.ch\/ueber-mich\/kundenstimmen\/"},"modified":"2025-01-18T19:26:11","modified_gmt":"2025-01-18T18:26:11","slug":"voci-dei-clienti","status":"publish","type":"page","link":"https:\/\/www.snow-coach.ch\/it\/snowcoach-circa-noi\/voci-dei-clienti\/","title":{"rendered":"voci dei clienti"},"content":{"rendered":"\n<style type=\"text\/css\" data-created_by=\"avia_inline_auto\" id=\"style-css-av-v4t8h-a6edd34f1caf31eab7acc1ea150a0e0c\">\n.flex_column.av-v4t8h-a6edd34f1caf31eab7acc1ea150a0e0c{\nborder-radius:0px 0px 0px 0px;\npadding:0px 0px 0px 0px;\n}\n<\/style>\n<div  class='flex_column av-v4t8h-a6edd34f1caf31eab7acc1ea150a0e0c av_one_full  avia-builder-el-0  avia-builder-el-no-sibling  first flex_column_div av-zero-column-padding  '     ><p>\n<style type=\"text\/css\" data-created_by=\"avia_inline_auto\" id=\"style-css-av-kl2fmcvu-2ec2f52bee0af570a34d73b429615403\">\n#top .av-special-heading.av-kl2fmcvu-2ec2f52bee0af570a34d73b429615403{\npadding-bottom:10px;\n}\nbody .av-special-heading.av-kl2fmcvu-2ec2f52bee0af570a34d73b429615403 .av-special-heading-tag .heading-char{\nfont-size:25px;\n}\n.av-special-heading.av-kl2fmcvu-2ec2f52bee0af570a34d73b429615403 .av-subheading{\nfont-size:15px;\n}\n<\/style>\n<div  class='av-special-heading av-kl2fmcvu-2ec2f52bee0af570a34d73b429615403 av-special-heading-h1 blockquote modern-quote  avia-builder-el-1  el_before_av_textblock  avia-builder-el-first '><h1 class='av-special-heading-tag '  itemprop=\"headline\"  >SNOW-COACH &#8211; Commenti dei clienti su di me come istruttore di sci e snowboard<\/h1><div class=\"special-heading-border\"><div class=\"special-heading-inner-border\"><\/div><\/div><\/div><br \/>\n<section  class='av_textblock_section av-qes3d-731c38e7b293eadb7cf979deac229cf3 '   itemscope=\"itemscope\" itemtype=\"https:\/\/schema.org\/CreativeWork\" ><div class='avia_textblock'  itemprop=\"text\" ><h3>Grazie di cuore ai nostri ospiti per l&#8217;ottimo feedback e la fiducia in noi e nei nostri servizi!<\/h3>\n<\/div><\/section><br \/>\n<section  class='av_textblock_section av-itbyh-7e889afe0ae5a859610038a149d0debb '   itemscope=\"itemscope\" itemtype=\"https:\/\/schema.org\/CreativeWork\" ><div class='avia_textblock'  itemprop=\"text\" ><div class=\"strong-view strong-view-id-1 default wpmtst-default strong-pager\" data-count=\"4\" data-pager-var=\"strong_pager_id_1\" data-state=\"idle\"><div class=\"strong-content strong-paginated strong-normal columns-1\"><div class=\"wpmtst-testimonial testimonial post-8593\"><div class=\"wpmtst-testimonial-inner testimonial-inner\"><h3 class=\"wpmtst-testimonial-heading testimonial-heading\">Consigliatissima!!!<\/h3><div    class=\"wpmtst-testimonial-content testimonial-content\"><div class=\"maybe-clear\"><\/div><p>Esperienza da consigliare! Isabel \u00e8 stata molto professionale e mio figlio ne \u00e8 stato entusiasta! I progressi sono stati evidenti. Quando torner\u00f2, sapr\u00f2 sicuramente chi chiamare. Consigliatissima!!!<\/p><\/div><div class=\"wpmtst-testimonial-field testimonial-field testimonial-name\">Davide<\/div><div class=\"clear\"><\/div><\/div><\/div><div class=\"wpmtst-testimonial testimonial post-8584\"><div class=\"wpmtst-testimonial-inner testimonial-inner\"><h3 class=\"wpmtst-testimonial-heading testimonial-heading\">La lezione con Isabel \u00e8 stata divertente e utile<\/h3><div    class=\"wpmtst-testimonial-content testimonial-content\"><div class=\"maybe-clear\"><\/div><p>Ho prenotato due ore di lezione sci per le mie bambine con Isabel. Al termine della lezione le bimbe erano felicissime. La lezione \u00e8 stata divertente e utile. Ho notato un miglioramento nella tecnica di sci. Consiglio vivamente questa scuola.<\/p><\/div><div class=\"wpmtst-testimonial-field testimonial-field testimonial-name\">Sara<\/div><div class=\"clear\"><\/div><\/div><\/div><div class=\"wpmtst-testimonial testimonial post-8575\"><div class=\"wpmtst-testimonial-inner testimonial-inner\"><h3 class=\"wpmtst-testimonial-heading testimonial-heading\">Ci ha spiegato tutte le basi<\/h3><div    class=\"wpmtst-testimonial-content testimonial-content\"><div class=\"maybe-clear\"><\/div><p>Dopo due ore di lezione di sci di fondo classico con Ralf, si pu\u00f2 solo ringraziarlo, per la sua dinamicit\u00e0, simpatia e professionalit\u00e0. Non sapevamo nulla di sci di fondo, con molta pazienza ci ha spiegato tutte le basi, seguendoci passo per passo. Veramente bravissimo e simpatico, ci siamo divertite tantissimo, \u00e8 stata una super esperienza. Lo consigliamo vivamente!! Grazie mille Ralf, da Sheila, Serena e Claudia.<\/p><\/div><div class=\"wpmtst-testimonial-field testimonial-field testimonial-name\">Claudia<\/div><div class=\"clear\"><\/div><\/div><\/div><div class=\"wpmtst-testimonial testimonial post-2913\"><div class=\"wpmtst-testimonial-inner testimonial-inner\"><h3 class=\"wpmtst-testimonial-heading testimonial-heading\">Grande successo<\/h3><div    class=\"wpmtst-testimonial-content testimonial-content\"><div class=\"maybe-clear\"><\/div><p>Ciao Ralf Grande successo dopo due ore sugli sci! Non l&#8217;ho mai pensato. La tua natura calma e le spiegazioni precise mi hanno ispirato fin dall&#8217;inizio. Dopo i tre giorni con te, mi sento abbastanza comodo per esplorare la montagna con la mia ragazza. Grazie mille. Saluti da Milano &nbsp;<\/p><\/div><div class=\"wpmtst-testimonial-field testimonial-field testimonial-name\">Stefano<\/div><div class=\"clear\"><\/div><\/div><\/div><\/div><\/div>\n<\/div><\/section><br \/>\n\n<style type=\"text\/css\" data-created_by=\"avia_inline_auto\" id=\"style-css-av-1em89-b39fa4c22a29bf13cd3b690a0812ecba\">\n#top .hr.hr-invisible.av-1em89-b39fa4c22a29bf13cd3b690a0812ecba{\nheight:50px;\n}\n<\/style>\n<div  class='hr av-1em89-b39fa4c22a29bf13cd3b690a0812ecba hr-invisible  avia-builder-el-4  el_after_av_textblock  el_before_av_button_big  avia-builder-el-last '><span class='hr-inner '><span class=\"hr-inner-style\"><\/span><\/span><\/div><br \/>\n<div  class='avia-button-wrap avia-button-center  avia-builder-el-5  el_after_av_hr  avia-builder-el-last '>\n<style type=\"text\/css\" data-created_by=\"avia_inline_auto\" id=\"style-css-av-137qh-4a4ece34292fea58e205dafeab4d2620\">\n#top #wrap_all .avia-button.av-137qh-4a4ece34292fea58e205dafeab4d2620{\nbackground-color:#bf1e2e;\nborder-color:#bf1e2e;\ncolor:#ffffff;\ntransition:all 0.4s ease-in-out;\n}\n#top #wrap_all .avia-button.av-137qh-4a4ece34292fea58e205dafeab4d2620:hover{\nbackground-color:#3686c7;\ncolor:#ffffff;\ntransition:all 0.4s ease-in-out;\n}\n#top #wrap_all .avia-button.av-137qh-4a4ece34292fea58e205dafeab4d2620 .avia-svg-icon svg:first-child{\nfill:#ffffff;\nstroke:#ffffff;\n}\n#top #wrap_all .avia-button.av-137qh-4a4ece34292fea58e205dafeab4d2620:hover .avia-svg-icon svg:first-child{\nfill:#ffffff;\nstroke:#ffffff;\n}\n<\/style>\n<a href='\/offerte-corsi' class='avia-button avia-button-fullwidth av-137qh-4a4ece34292fea58e205dafeab4d2620 avia-icon_select-yes-left-icon avia-color-custom'   aria-label=\"Prenota il tuo personal trainer!\"><span class='avia_button_icon avia_button_icon_left avia-iconfont avia-font-entypo-fontello' data-av_icon='\ue809' data-av_iconfont='entypo-fontello' ><\/span><span class='avia_iconbox_title' >Prenota il tuo personal trainer!<\/span><\/a><\/div><\/p><\/div>\n","protected":false},"excerpt":{"rendered":"","protected":false},"author":4,"featured_media":0,"parent":1758,"menu_order":21,"comment_status":"closed","ping_status":"closed","template":"","meta":{"footnotes":""},"class_list":["post-1782","page","type-page","status-publish","hentry"],"yoast_head":"<!-- This site is optimized with the Yoast SEO plugin v27.3 - https:\/\/yoast.com\/product\/yoast-seo-wordpress\/ -->\n<title>Testimonianze dei clienti su Snow Coach - Istruttore di sci e snowboard<\/title>\n<meta name=\"description\" content=\"Ecco cosa dicono i clienti soddisfatti dello Snow Coach. Allenatore di sport invernali per corsi di sci, snowboard, sci di fondo e telemark, escursioni con le racchette da neve!\" \/>\n<meta name=\"robots\" content=\"index, follow, max-snippet:-1, max-image-preview:large, max-video-preview:-1\" \/>\n<link rel=\"canonical\" href=\"https:\/\/www.snow-coach.ch\/it\/snowcoach-circa-noi\/voci-dei-clienti\/\" \/>\n<meta property=\"og:locale\" content=\"it_IT\" \/>\n<meta property=\"og:type\" content=\"article\" \/>\n<meta property=\"og:title\" content=\"Testimonianze dei clienti su Snow Coach - Istruttore di sci e snowboard\" \/>\n<meta property=\"og:description\" content=\"Ecco cosa dicono i clienti soddisfatti dello Snow Coach. Allenatore di sport invernali per corsi di sci, snowboard, sci di fondo e telemark, escursioni con le racchette da neve!\" \/>\n<meta property=\"og:url\" content=\"https:\/\/www.snow-coach.ch\/it\/snowcoach-circa-noi\/voci-dei-clienti\/\" \/>\n<meta property=\"og:site_name\" content=\"Snow Coach\" \/>\n<meta property=\"article:publisher\" content=\"https:\/\/www.facebook.com\/privatskilehrer\" \/>\n<meta property=\"article:modified_time\" content=\"2025-01-18T18:26:11+00:00\" \/>\n<meta name=\"twitter:card\" content=\"summary_large_image\" \/>\n<script type=\"application\/ld+json\" class=\"yoast-schema-graph\">{\"@context\":\"https:\\\/\\\/schema.org\",\"@graph\":[{\"@type\":\"WebPage\",\"@id\":\"https:\\\/\\\/www.snow-coach.ch\\\/it\\\/snowcoach-circa-noi\\\/voci-dei-clienti\\\/\",\"url\":\"https:\\\/\\\/www.snow-coach.ch\\\/it\\\/snowcoach-circa-noi\\\/voci-dei-clienti\\\/\",\"name\":\"Testimonianze dei clienti su Snow Coach - Istruttore di sci e snowboard\",\"isPartOf\":{\"@id\":\"https:\\\/\\\/www.snow-coach.ch\\\/it\\\/#website\"},\"datePublished\":\"2014-01-17T11:22:49+00:00\",\"dateModified\":\"2025-01-18T18:26:11+00:00\",\"description\":\"Ecco cosa dicono i clienti soddisfatti dello Snow Coach. Allenatore di sport invernali per corsi di sci, snowboard, sci di fondo e telemark, escursioni con le racchette da neve!\",\"breadcrumb\":{\"@id\":\"https:\\\/\\\/www.snow-coach.ch\\\/it\\\/snowcoach-circa-noi\\\/voci-dei-clienti\\\/#breadcrumb\"},\"inLanguage\":\"it-IT\",\"potentialAction\":[{\"@type\":\"ReadAction\",\"target\":[\"https:\\\/\\\/www.snow-coach.ch\\\/it\\\/snowcoach-circa-noi\\\/voci-dei-clienti\\\/\"]}]},{\"@type\":\"BreadcrumbList\",\"@id\":\"https:\\\/\\\/www.snow-coach.ch\\\/it\\\/snowcoach-circa-noi\\\/voci-dei-clienti\\\/#breadcrumb\",\"itemListElement\":[{\"@type\":\"ListItem\",\"position\":1,\"name\":\"Chi siamo\",\"item\":\"https:\\\/\\\/www.snow-coach.ch\\\/it\\\/snowcoach-circa-noi\\\/\"},{\"@type\":\"ListItem\",\"position\":2,\"name\":\"voci dei clienti\"}]},{\"@type\":\"WebSite\",\"@id\":\"https:\\\/\\\/www.snow-coach.ch\\\/it\\\/#website\",\"url\":\"https:\\\/\\\/www.snow-coach.ch\\\/it\\\/\",\"name\":\"Snowcoach - Ihr privater Skilehrer, Snowboardlehrer, Langlauflehrer, Telemark-Lehrer in Flims-Laax-Falera\",\"description\":\"Private Skikurse in der Schweiz\",\"publisher\":{\"@id\":\"https:\\\/\\\/www.snow-coach.ch\\\/it\\\/#organization\"},\"potentialAction\":[{\"@type\":\"SearchAction\",\"target\":{\"@type\":\"EntryPoint\",\"urlTemplate\":\"https:\\\/\\\/www.snow-coach.ch\\\/it\\\/?s={search_term_string}\"},\"query-input\":{\"@type\":\"PropertyValueSpecification\",\"valueRequired\":true,\"valueName\":\"search_term_string\"}}],\"inLanguage\":\"it-IT\"},{\"@type\":\"Organization\",\"@id\":\"https:\\\/\\\/www.snow-coach.ch\\\/it\\\/#organization\",\"name\":\"Snowcoach - Ihr privater Skilehrer, Snowboardlehrer, Langlauflehrer, Telemark-Lehrer in Flims-Laax-Falera\",\"url\":\"https:\\\/\\\/www.snow-coach.ch\\\/it\\\/\",\"logo\":{\"@type\":\"ImageObject\",\"inLanguage\":\"it-IT\",\"@id\":\"https:\\\/\\\/www.snow-coach.ch\\\/it\\\/#\\\/schema\\\/logo\\\/image\\\/\",\"url\":\"https:\\\/\\\/www.snow-coach.ch\\\/wp-content\\\/uploads\\\/2017\\\/01\\\/Snowcoach-privater-Ski-Snowboard-Langlauf-Telemark-Lehrer-in-Flims-Laax-Falera-logo.png\",\"contentUrl\":\"https:\\\/\\\/www.snow-coach.ch\\\/wp-content\\\/uploads\\\/2017\\\/01\\\/Snowcoach-privater-Ski-Snowboard-Langlauf-Telemark-Lehrer-in-Flims-Laax-Falera-logo.png\",\"width\":234,\"height\":130,\"caption\":\"Snowcoach - Ihr privater Skilehrer, Snowboardlehrer, Langlauflehrer, Telemark-Lehrer in Flims-Laax-Falera\"},\"image\":{\"@id\":\"https:\\\/\\\/www.snow-coach.ch\\\/it\\\/#\\\/schema\\\/logo\\\/image\\\/\"},\"sameAs\":[\"https:\\\/\\\/www.facebook.com\\\/privatskilehrer\"]}]}<\/script>\n<!-- \/ Yoast SEO plugin. -->","yoast_head_json":{"title":"Testimonianze dei clienti su Snow Coach - Istruttore di sci e snowboard","description":"Ecco cosa dicono i clienti soddisfatti dello Snow Coach. Allenatore di sport invernali per corsi di sci, snowboard, sci di fondo e telemark, escursioni con le racchette da neve!","robots":{"index":"index","follow":"follow","max-snippet":"max-snippet:-1","max-image-preview":"max-image-preview:large","max-video-preview":"max-video-preview:-1"},"canonical":"https:\/\/www.snow-coach.ch\/it\/snowcoach-circa-noi\/voci-dei-clienti\/","og_locale":"it_IT","og_type":"article","og_title":"Testimonianze dei clienti su Snow Coach - Istruttore di sci e snowboard","og_description":"Ecco cosa dicono i clienti soddisfatti dello Snow Coach. Allenatore di sport invernali per corsi di sci, snowboard, sci di fondo e telemark, escursioni con le racchette da neve!","og_url":"https:\/\/www.snow-coach.ch\/it\/snowcoach-circa-noi\/voci-dei-clienti\/","og_site_name":"Snow Coach","article_publisher":"https:\/\/www.facebook.com\/privatskilehrer","article_modified_time":"2025-01-18T18:26:11+00:00","twitter_card":"summary_large_image","schema":{"@context":"https:\/\/schema.org","@graph":[{"@type":"WebPage","@id":"https:\/\/www.snow-coach.ch\/it\/snowcoach-circa-noi\/voci-dei-clienti\/","url":"https:\/\/www.snow-coach.ch\/it\/snowcoach-circa-noi\/voci-dei-clienti\/","name":"Testimonianze dei clienti su Snow Coach - Istruttore di sci e snowboard","isPartOf":{"@id":"https:\/\/www.snow-coach.ch\/it\/#website"},"datePublished":"2014-01-17T11:22:49+00:00","dateModified":"2025-01-18T18:26:11+00:00","description":"Ecco cosa dicono i clienti soddisfatti dello Snow Coach. Allenatore di sport invernali per corsi di sci, snowboard, sci di fondo e telemark, escursioni con le racchette da neve!","breadcrumb":{"@id":"https:\/\/www.snow-coach.ch\/it\/snowcoach-circa-noi\/voci-dei-clienti\/#breadcrumb"},"inLanguage":"it-IT","potentialAction":[{"@type":"ReadAction","target":["https:\/\/www.snow-coach.ch\/it\/snowcoach-circa-noi\/voci-dei-clienti\/"]}]},{"@type":"BreadcrumbList","@id":"https:\/\/www.snow-coach.ch\/it\/snowcoach-circa-noi\/voci-dei-clienti\/#breadcrumb","itemListElement":[{"@type":"ListItem","position":1,"name":"Chi siamo","item":"https:\/\/www.snow-coach.ch\/it\/snowcoach-circa-noi\/"},{"@type":"ListItem","position":2,"name":"voci dei clienti"}]},{"@type":"WebSite","@id":"https:\/\/www.snow-coach.ch\/it\/#website","url":"https:\/\/www.snow-coach.ch\/it\/","name":"Snowcoach - Ihr privater Skilehrer, Snowboardlehrer, Langlauflehrer, Telemark-Lehrer in Flims-Laax-Falera","description":"Private Skikurse in der Schweiz","publisher":{"@id":"https:\/\/www.snow-coach.ch\/it\/#organization"},"potentialAction":[{"@type":"SearchAction","target":{"@type":"EntryPoint","urlTemplate":"https:\/\/www.snow-coach.ch\/it\/?s={search_term_string}"},"query-input":{"@type":"PropertyValueSpecification","valueRequired":true,"valueName":"search_term_string"}}],"inLanguage":"it-IT"},{"@type":"Organization","@id":"https:\/\/www.snow-coach.ch\/it\/#organization","name":"Snowcoach - Ihr privater Skilehrer, Snowboardlehrer, Langlauflehrer, Telemark-Lehrer in Flims-Laax-Falera","url":"https:\/\/www.snow-coach.ch\/it\/","logo":{"@type":"ImageObject","inLanguage":"it-IT","@id":"https:\/\/www.snow-coach.ch\/it\/#\/schema\/logo\/image\/","url":"https:\/\/www.snow-coach.ch\/wp-content\/uploads\/2017\/01\/Snowcoach-privater-Ski-Snowboard-Langlauf-Telemark-Lehrer-in-Flims-Laax-Falera-logo.png","contentUrl":"https:\/\/www.snow-coach.ch\/wp-content\/uploads\/2017\/01\/Snowcoach-privater-Ski-Snowboard-Langlauf-Telemark-Lehrer-in-Flims-Laax-Falera-logo.png","width":234,"height":130,"caption":"Snowcoach - Ihr privater Skilehrer, Snowboardlehrer, Langlauflehrer, Telemark-Lehrer in Flims-Laax-Falera"},"image":{"@id":"https:\/\/www.snow-coach.ch\/it\/#\/schema\/logo\/image\/"},"sameAs":["https:\/\/www.facebook.com\/privatskilehrer"]}]}},"_links":{"self":[{"href":"https:\/\/www.snow-coach.ch\/it\/wp-json\/wp\/v2\/pages\/1782","targetHints":{"allow":["GET"]}}],"collection":[{"href":"https:\/\/www.snow-coach.ch\/it\/wp-json\/wp\/v2\/pages"}],"about":[{"href":"https:\/\/www.snow-coach.ch\/it\/wp-json\/wp\/v2\/types\/page"}],"author":[{"embeddable":true,"href":"https:\/\/www.snow-coach.ch\/it\/wp-json\/wp\/v2\/users\/4"}],"replies":[{"embeddable":true,"href":"https:\/\/www.snow-coach.ch\/it\/wp-json\/wp\/v2\/comments?post=1782"}],"version-history":[{"count":3,"href":"https:\/\/www.snow-coach.ch\/it\/wp-json\/wp\/v2\/pages\/1782\/revisions"}],"predecessor-version":[{"id":10134,"href":"https:\/\/www.snow-coach.ch\/it\/wp-json\/wp\/v2\/pages\/1782\/revisions\/10134"}],"up":[{"embeddable":true,"href":"https:\/\/www.snow-coach.ch\/it\/wp-json\/wp\/v2\/pages\/1758"}],"wp:attachment":[{"href":"https:\/\/www.snow-coach.ch\/it\/wp-json\/wp\/v2\/media?parent=1782"}],"curies":[{"name":"wp","href":"https:\/\/api.w.org\/{rel}","templated":true}]}}